{"id":2431,"date":"2019-06-07T13:01:02","date_gmt":"2019-06-07T13:01:02","guid":{"rendered":"https:\/\/wiesholler-chieming.de\/?page_id=2431"},"modified":"2025-11-27T14:29:40","modified_gmt":"2025-11-27T14:29:40","slug":"service","status":"publish","type":"page","link":"https:\/\/wiesholler-chieming.de\/?page_id=2431","title":{"rendered":"Service"},"content":{"rendered":"<p>[et_pb_section fb_built=&#8220;1&#8243; fullwidth=&#8220;on&#8220; _builder_version=&#8220;4.16&#8243; global_colors_info=&#8220;{}&#8220;][et_pb_fullwidth_header header_fullscreen=&#8220;on&#8220; _builder_version=&#8220;4.16&#8243; background_image=&#8220;https:\/\/wiesholler-chieming.de\/wp-content\/uploads\/2019\/06\/DSC02161-1.jpg&#8220; global_colors_info=&#8220;{}&#8220; background__hover_enabled=&#8220;on&#8220;][\/et_pb_fullwidth_header][\/et_pb_section][et_pb_section fb_built=&#8220;1&#8243; admin_label=&#8220;Featured Products&#8220; _builder_version=&#8220;4.16&#8243; background_color=&#8220;#fff7f2&#8243; custom_padding=&#8220;30px|0px|0|0px|false|false&#8220; global_colors_info=&#8220;{}&#8220;][et_pb_row column_structure=&#8220;1_2,1_2&#8243; _builder_version=&#8220;4.18.0&#8243; max_width=&#8220;1250px&#8220; custom_padding=&#8220;55px|0px|51px|0px|false|false&#8220; border_color_all=&#8220;rgba(0,0,0,0)&#8220; border_style_all=&#8220;groove&#8220; global_colors_info=&#8220;{}&#8220;][et_pb_column type=&#8220;1_2&#8243; _builder_version=&#8220;4.16&#8243; custom_padding=&#8220;|||&#8220; global_colors_info=&#8220;{}&#8220; custom_padding__hover=&#8220;|||&#8220;][et_pb_gallery gallery_ids=&#8220;3815,3819,3817,3816,3818&#8243; fullwidth=&#8220;on&#8220; _builder_version=&#8220;4.23.1&#8243; _module_preset=&#8220;default&#8220; background_layout=&#8220;dark&#8220; custom_margin=&#8220;-4px|||||&#8220; border_width_all=&#8220;6px&#8220; border_color_all=&#8220;#4c4c4c&#8220; global_colors_info=&#8220;{}&#8220;][\/et_pb_gallery][\/et_pb_column][et_pb_column type=&#8220;1_2&#8243; _builder_version=&#8220;4.16&#8243; custom_padding=&#8220;|||&#8220; global_colors_info=&#8220;{}&#8220; custom_padding__hover=&#8220;|||&#8220;][et_pb_text _builder_version=&#8220;4.18.0&#8243; text_font=&#8220;Yeseva One||||||||&#8220; text_text_color=&#8220;#353535&#8243; text_font_size=&#8220;35px&#8220; header_font=&#8220;Yatra One||||||||&#8220; header_text_align=&#8220;left&#8220; header_text_color=&#8220;#2b2b2b&#8220; header_line_height=&#8220;1.3em&#8220; header_2_font=&#8220;Playfair Display|700|||||||&#8220; header_2_text_align=&#8220;left&#8220; header_2_text_color=&#8220;#2b2b2b&#8220; header_2_font_size=&#8220;42px&#8220; header_2_line_height=&#8220;1.5em&#8220; module_alignment=&#8220;center&#8220; custom_margin=&#8220;||46px|&#8220; animation_style=&#8220;slide&#8220; animation_duration=&#8220;500ms&#8220; animation_intensity_slide=&#8220;20%&#8220; inline_fonts=&#8220;Verdana&#8220; global_colors_info=&#8220;{}&#8220;]<\/p>\n<p>Fr\u00fchst\u00fccksbuffet<\/p>\n<p>[\/et_pb_text][et_pb_divider color=&#8220;#f7d584&#8243; divider_weight=&#8220;3px&#8220; disabled_on=&#8220;on|on|off&#8220; _builder_version=&#8220;4.16&#8243; max_width=&#8220;80px&#8220; module_alignment=&#8220;left&#8220; height=&#8220;10px&#8220; custom_margin=&#8220;||20px|&#8220; animation_style=&#8220;slide&#8220; animation_direction=&#8220;bottom&#8220; saved_tabs=&#8220;all&#8220; locked=&#8220;off&#8220; global_colors_info=&#8220;{}&#8220;]<\/p>\n<p>[\/et_pb_divider][et_pb_text _builder_version=&#8220;4.16&#8243; text_font=&#8220;Poppins||||||||&#8220; text_text_color=&#8220;#666666&#8243; text_font_size=&#8220;18px&#8220; text_line_height=&#8220;1.4em&#8220; header_font=&#8220;||||||||&#8220; header_2_font=&#8220;||||||||&#8220; module_alignment=&#8220;center&#8220; custom_margin=&#8220;||30px|&#8220; animation_style=&#8220;slide&#8220; animation_duration=&#8220;550ms&#8220; animation_intensity_slide=&#8220;18%&#8220; inline_fonts=&#8220;Yesteryear&#8220; global_colors_info=&#8220;{}&#8220;]<\/p>\n<p>Wir bereiten jeden Morgen ein Fr\u00fchst\u00fccksbuffet aus regionalen Produkten und selbst gemachter Marmeladen f\u00fcr Sie vor.<\/p>\n<p><span style=\"font-size: 18px;\">Das Fr\u00fchst\u00fccksbuffet ist im Zimmerpreis inbegriffen.<\/span><\/p>\n<p><span>Unser Fr\u00fchst\u00fccksbuffet kann in der Vor- und Nachsaison bei \u00a0den Wohnungen dazu gebucht werden.<\/span><\/p>\n<p>Fr\u00fchst\u00fccksbuffet pro Person 15 Euro.<\/p>\n<p><strong>Unser Fr\u00fchst\u00fccksbuffet gibt es vom 25.04.2026 &#8211; 04.10.2026<\/strong><\/p>\n<p>Die regionale B\u00e4ckerei Stumhofer liegt nur wenige Gehminuten entfernt und bietet frische Br\u00f6tchen sowie ein kleines, feines Fr\u00fchst\u00fccksangebot.<\/p>\n<p>[\/et_pb_text][\/et_pb_column][\/et_pb_row][\/et_pb_section][et_pb_section fb_built=&#8220;1&#8243; fullwidth=&#8220;on&#8220; _builder_version=&#8220;4.23.1&#8243; global_colors_info=&#8220;{}&#8220;][et_pb_fullwidth_slider _builder_version=&#8220;4.23.1&#8243; header_font=&#8220;||||||||&#8220; custom_padding=&#8220;208px|||||&#8220; global_colors_info=&#8220;{}&#8220;][et_pb_slide _builder_version=&#8220;4.23.1&#8243; background_image=&#8220;https:\/\/wiesholler-chieming.de\/wp-content\/uploads\/2023\/09\/Fruehstuecksbuffet-Wiesholler-Apartment-2.jpg&#8220; background_enable_image=&#8220;on&#8220; global_colors_info=&#8220;{}&#8220; sticky_transition=&#8220;on&#8220;]<\/p>\n<p>&nbsp;<\/p>\n<p>&nbsp;<\/p>\n<p>&nbsp;<\/p>\n<p>&nbsp;<\/p>\n<p>&nbsp;<\/p>\n<p>&nbsp;<\/p>\n<p>&nbsp;<\/p>\n<p>&nbsp;<\/p>\n<p>[\/et_pb_slide][et_pb_slide _builder_version=&#8220;4.23.1&#8243; background_image=&#8220;https:\/\/wiesholler-chieming.de\/wp-content\/uploads\/2023\/09\/Fruehstuecksbuffet-Wiesholler-Apartment-5.jpg&#8220; background_enable_image=&#8220;on&#8220; global_colors_info=&#8220;{}&#8220; sticky_transition=&#8220;on&#8220;]<\/p>\n<p>&nbsp;<\/p>\n<p>&nbsp;<\/p>\n<p>&nbsp;<\/p>\n<p>&nbsp;<\/p>\n<p>&nbsp;<\/p>\n<p>&nbsp;<\/p>\n<p>&nbsp;<\/p>\n<p>&nbsp;<\/p>\n<p>[\/et_pb_slide][et_pb_slide _builder_version=&#8220;4.23.1&#8243; background_image=&#8220;https:\/\/wiesholler-chieming.de\/wp-content\/uploads\/2023\/09\/Fruehstuecksbuffet-Wiesholler-Apartment-3.jpg&#8220; background_enable_image=&#8220;on&#8220; global_colors_info=&#8220;{}&#8220; sticky_transition=&#8220;on&#8220;]<\/p>\n<p>&nbsp;<\/p>\n<p>&nbsp;<\/p>\n<p>&nbsp;<\/p>\n<p>&nbsp;<\/p>\n<p>&nbsp;<\/p>\n<p>&nbsp;<\/p>\n<p>&nbsp;<\/p>\n<p>&nbsp;<\/p>\n<p>[\/et_pb_slide][et_pb_slide _builder_version=&#8220;4.23.1&#8243; background_image=&#8220;https:\/\/wiesholler-chieming.de\/wp-content\/uploads\/2023\/09\/Fruehstuecksbuffet-Wiesholler-Apartment-4.jpg&#8220; background_enable_image=&#8220;on&#8220; global_colors_info=&#8220;{}&#8220; sticky_transition=&#8220;on&#8220;]<\/p>\n<p>&nbsp;<\/p>\n<p>&nbsp;<\/p>\n<p>&nbsp;<\/p>\n<p>&nbsp;<\/p>\n<p>&nbsp;<\/p>\n<p>&nbsp;<\/p>\n<p>&nbsp;<\/p>\n<p>&nbsp;<\/p>\n<p>[\/et_pb_slide][\/et_pb_fullwidth_slider][\/et_pb_section][et_pb_section fb_built=&#8220;1&#8243; admin_label=&#8220;Featured Products&#8220; _builder_version=&#8220;4.16&#8243; background_color=&#8220;#fff7f2&#8243; custom_padding=&#8220;30px|0px|0|0px|false|false&#8220; global_colors_info=&#8220;{}&#8220;][et_pb_row column_structure=&#8220;1_2,1_2&#8243; _builder_version=&#8220;4.16&#8243; custom_padding=&#8220;20px|0px|46px|0px|false|false&#8220; border_color_all=&#8220;rgba(0,0,0,0)&#8220; border_style_all=&#8220;groove&#8220; global_colors_info=&#8220;{}&#8220;][et_pb_column type=&#8220;1_2&#8243; _builder_version=&#8220;4.16&#8243; custom_padding=&#8220;|||&#8220; global_colors_info=&#8220;{}&#8220; custom_padding__hover=&#8220;|||&#8220;][et_pb_slider _builder_version=&#8220;4.16&#8243; border_width_all=&#8220;5px&#8220; global_colors_info=&#8220;{}&#8220;][et_pb_slide _builder_version=&#8220;4.16&#8243; background_image=&#8220;https:\/\/wiesholler-chieming.de\/wp-content\/uploads\/2019\/06\/DSC02241.jpg&#8220; global_colors_info=&#8220;{}&#8220; sticky_transition=&#8220;on&#8220;]<\/p>\n<p>&nbsp;<\/p>\n<p>&nbsp;<\/p>\n<p>&nbsp;<\/p>\n<p>&nbsp;<\/p>\n<p>&nbsp;<\/p>\n<p>&nbsp;<\/p>\n<p>&nbsp;<\/p>\n<p>&nbsp;<\/p>\n<p>&nbsp;<\/p>\n<p>&nbsp;<\/p>\n<p>&nbsp;<\/p>\n<p>[\/et_pb_slide][et_pb_slide _builder_version=&#8220;4.16&#8243; background_image=&#8220;https:\/\/wiesholler-chieming.de\/wp-content\/uploads\/2019\/06\/1x1__.jpg&#8220; global_colors_info=&#8220;{}&#8220; sticky_transition=&#8220;on&#8220;]<\/p>\n<p>&nbsp;<\/p>\n<p>&nbsp;<\/p>\n<p>&nbsp;<\/p>\n<p>&nbsp;<\/p>\n<p>&nbsp;<\/p>\n<p>&nbsp;<\/p>\n<p>&nbsp;<\/p>\n<p>&nbsp;<\/p>\n<p>&nbsp;<\/p>\n<p>&nbsp;<\/p>\n<p>&nbsp;<\/p>\n<p>[\/et_pb_slide][\/et_pb_slider][\/et_pb_column][et_pb_column type=&#8220;1_2&#8243; _builder_version=&#8220;4.16&#8243; custom_padding=&#8220;|||&#8220; global_colors_info=&#8220;{}&#8220; custom_padding__hover=&#8220;|||&#8220;][et_pb_text _builder_version=&#8220;4.16&#8243; text_font=&#8220;Yeseva One||||||||&#8220; text_text_color=&#8220;#353535&#8243; text_font_size=&#8220;37px&#8220; header_font=&#8220;Yatra One||||||||&#8220; header_text_align=&#8220;left&#8220; header_text_color=&#8220;#2b2b2b&#8220; header_line_height=&#8220;1.3em&#8220; header_2_font=&#8220;Playfair Display|700|||||||&#8220; header_2_text_align=&#8220;left&#8220; header_2_text_color=&#8220;#2b2b2b&#8220; header_2_font_size=&#8220;42px&#8220; header_2_line_height=&#8220;1.5em&#8220; module_alignment=&#8220;center&#8220; custom_margin=&#8220;||46px|&#8220; animation_style=&#8220;slide&#8220; animation_duration=&#8220;500ms&#8220; animation_intensity_slide=&#8220;20%&#8220; inline_fonts=&#8220;Verdana&#8220; global_colors_info=&#8220;{}&#8220;]<\/p>\n<p>&nbsp;<\/p>\n<p>Rezeption<\/p>\n<p>[\/et_pb_text][et_pb_divider color=&#8220;#f7d584&#8243; divider_weight=&#8220;3px&#8220; disabled_on=&#8220;on|on|off&#8220; _builder_version=&#8220;4.16&#8243; max_width=&#8220;80px&#8220; module_alignment=&#8220;left&#8220; height=&#8220;10px&#8220; custom_margin=&#8220;||20px|&#8220; animation_style=&#8220;slide&#8220; animation_direction=&#8220;bottom&#8220; saved_tabs=&#8220;all&#8220; locked=&#8220;off&#8220; global_colors_info=&#8220;{}&#8220;]<\/p>\n<p>[\/et_pb_divider][et_pb_text _builder_version=&#8220;4.16&#8243; text_font=&#8220;Poppins||||||||&#8220; text_text_color=&#8220;#666666&#8243; text_font_size=&#8220;18px&#8220; text_line_height=&#8220;1.4em&#8220; header_font=&#8220;||||||||&#8220; header_2_font=&#8220;||||||||&#8220; module_alignment=&#8220;center&#8220; custom_margin=&#8220;||30px|&#8220; animation_style=&#8220;slide&#8220; animation_duration=&#8220;550ms&#8220; animation_intensity_slide=&#8220;18%&#8220; inline_fonts=&#8220;Yesteryear&#8220; global_colors_info=&#8220;{}&#8220;]<\/p>\n<p>Sepp und Annelies Wiesholler begr\u00fc\u00dfen Sie an unserer Rezeption, welche sich in unserem Haupthaus befindet.<br \/>Hi<span style=\"font-size: 18px;\">er beantworten wir Ihnen alle Fragen und geben Tipps zu tollen Reisezielen am Chiemsee.<\/span><\/p>\n<p>Wir sind f\u00fcr Sie an der Rezeption von Montag &#8211; Samstag von 8 bis 10 Uhr pers\u00f6nlich da.<br \/>Anreisen sind jederzeit m\u00f6glich, nach 18 Uhr bitte telefonisch ank\u00fcndigen.<\/p>\n<p>&nbsp;<\/p>\n<p>&nbsp;<\/p>\n<p>[\/et_pb_text][\/et_pb_column][\/et_pb_row][et_pb_row _builder_version=&#8220;4.16&#8243; custom_padding=&#8220;0|0px|0px|0px|false|false&#8220; global_colors_info=&#8220;{}&#8220;][et_pb_column type=&#8220;4_4&#8243; _builder_version=&#8220;4.16&#8243; custom_padding=&#8220;|||&#8220; global_colors_info=&#8220;{}&#8220; custom_padding__hover=&#8220;|||&#8220;][et_pb_text _builder_version=&#8220;4.16&#8243; text_font=&#8220;Yeseva One||||||||&#8220; text_text_color=&#8220;#353535&#8243; text_font_size=&#8220;37px&#8220; header_font=&#8220;||||||||&#8220; header_line_height=&#8220;1.4em&#8220; header_2_font=&#8220;Yeseva One||||||||&#8220; header_2_text_align=&#8220;center&#8220; header_2_text_color=&#8220;#353535&#8243; header_2_font_size=&#8220;36px&#8220; header_2_line_height=&#8220;1.2em&#8220; text_orientation=&#8220;center&#8220; module_alignment=&#8220;center&#8220; custom_margin=&#8220;||24px|||&#8220; locked=&#8220;off&#8220; inline_fonts=&#8220;Georgia,Verdana,Yeseva One&#8220; global_colors_info=&#8220;{}&#8220;]<\/p>\n<h2>Auto- &amp; Fahrrad-Ladestation<\/h2>\n<p>[\/et_pb_text][et_pb_divider color=&#8220;#f7d584&#8243; divider_weight=&#8220;3px&#8220; disabled_on=&#8220;on|on|off&#8220; _builder_version=&#8220;4.16&#8243; max_width=&#8220;80px&#8220; module_alignment=&#8220;center&#8220; height=&#8220;10px&#8220; custom_margin=&#8220;||20px|&#8220; animation_style=&#8220;slide&#8220; animation_direction=&#8220;bottom&#8220; saved_tabs=&#8220;all&#8220; locked=&#8220;off&#8220; global_colors_info=&#8220;{}&#8220;]<\/p>\n<p>[\/et_pb_divider][\/et_pb_column][\/et_pb_row][et_pb_row _builder_version=&#8220;4.17.4&#8243; _module_preset=&#8220;default&#8220; custom_margin=&#8220;-2px|auto||auto||&#8220; custom_padding=&#8220;1px||77px|||&#8220; global_colors_info=&#8220;{}&#8220;][et_pb_column type=&#8220;4_4&#8243; _builder_version=&#8220;4.17.4&#8243; _module_preset=&#8220;default&#8220; global_colors_info=&#8220;{}&#8220;][et_pb_text _builder_version=&#8220;4.17.4&#8243; text_font=&#8220;Poppins||||||||&#8220; text_text_color=&#8220;#666666&#8243; text_font_size=&#8220;18px&#8220; text_line_height=&#8220;1.3em&#8220; header_font=&#8220;||||||||&#8220; header_2_font=&#8220;||||||||&#8220; text_orientation=&#8220;center&#8220; max_width=&#8220;700px&#8220; module_alignment=&#8220;center&#8220; custom_margin=&#8220;auto||auto||false|false&#8220; custom_padding=&#8220;29px||21px|||&#8220; global_colors_info=&#8220;{}&#8220;]<\/p>\n<p>F\u00fcr unsere G\u00e4ste stehen E-Ladestationen f\u00fcr Fahrr\u00e4der und Autos bereit. Gef\u00f6rdert vom Tourismus Bayern.<\/p>\n<p>[\/et_pb_text][et_pb_image src=&#8220;https:\/\/wiesholler-chieming.de\/wp-content\/uploads\/2022\/06\/Auto-Fahrrad-Ladestation.jpg&#8220; title_text=&#8220;Auto-Fahrrad-Ladestation&#8220; align=&#8220;center&#8220; _builder_version=&#8220;4.17.4&#8243; _module_preset=&#8220;default&#8220; width=&#8220;30%&#8220; border_width_all=&#8220;4px&#8220; global_colors_info=&#8220;{}&#8220;][\/et_pb_image][\/et_pb_column][\/et_pb_row][et_pb_row admin_label=&#8220;Contact Form&#8220; _builder_version=&#8220;4.16&#8243; custom_padding=&#8220;27px|0px|54px|0px|false|false&#8220; global_colors_info=&#8220;{}&#8220;][et_pb_column type=&#8220;4_4&#8243; _builder_version=&#8220;4.16&#8243; custom_padding=&#8220;|||&#8220; global_colors_info=&#8220;{}&#8220; custom_padding__hover=&#8220;|||&#8220;][et_pb_text admin_label=&#8220;Title&#8220; _builder_version=&#8220;4.16&#8243; text_font=&#8220;Yeseva One||||||||&#8220; text_text_color=&#8220;#353535&#8243; text_font_size=&#8220;37px&#8220; header_font=&#8220;||||||||&#8220; header_2_font=&#8220;Alice||||||||&#8220; header_2_text_align=&#8220;center&#8220; header_2_font_size=&#8220;42px&#8220; header_2_line_height=&#8220;1.3em&#8220; text_orientation=&#8220;center&#8220; custom_margin=&#8220;21px||52px|&#8220; animation_direction=&#8220;top&#8220; inline_fonts=&#8220;Yeseva One&#8220; global_colors_info=&#8220;{}&#8220;]<\/p>\n<p>Gut zu wissen<\/p>\n<p>[\/et_pb_text][et_pb_divider color=&#8220;#f7d584&#8243; divider_weight=&#8220;4px&#8220; disabled_on=&#8220;on|on|off&#8220; _builder_version=&#8220;4.16&#8243; max_width=&#8220;91px&#8220; module_alignment=&#8220;center&#8220; height=&#8220;10px&#8220; custom_margin=&#8220;-11px||28px|&#8220; animation_style=&#8220;slide&#8220; animation_direction=&#8220;bottom&#8220; saved_tabs=&#8220;all&#8220; locked=&#8220;off&#8220; global_colors_info=&#8220;{}&#8220;]<\/p>\n<p>[\/et_pb_divider][et_pb_text admin_label=&#8220;Subtitle&#8220; _builder_version=&#8220;4.23.1&#8243; text_font=&#8220;Poppins||||||||&#8220; text_text_color=&#8220;#666666&#8243; text_font_size=&#8220;18px&#8220; text_line_height=&#8220;1.3em&#8220; text_orientation=&#8220;center&#8220; max_width=&#8220;700px&#8220; module_alignment=&#8220;center&#8220; animation_direction=&#8220;top&#8220; inline_fonts=&#8220;Poppins&#8220; global_colors_info=&#8220;{}&#8220;]<\/p>\n<p><strong>An- und Abreisetag<\/strong><\/p>\n<p>Am Anreisetag k\u00f6nnen Sie ab 13 Uhr anreisen.<\/p>\n<p>Am Abreisetag sollte bis 10 Uhr das Zimmer\/Wohnung ger\u00e4umt sein.<\/p>\n<p>Wenn ihr Anreisetag ein Sonntag oder ein Feiertag ist, findet die Schl\u00fcssel\u00fcbergabe mit Hilfe eines Schl\u00fcsselsafes statt.<br \/>Alles n\u00e4here erfahren Sie dazu bei der Buchung.<\/p>\n<p><strong>Bezahlung<\/strong><\/p>\n<p>Sie k\u00f6nnen bei uns w\u00e4hrend des Urlaubes per deutscher EC-Karte, Kreditkarte oder Bar an der Rezeption bezahlen.<\/p>\n<p><strong>Rezeption<\/strong><\/p>\n<p>Wir sind f\u00fcr Sie an der Rezeption von Montag &#8211; Samstag von 8 bis 10 Uhr pers\u00f6nlich da.<br \/>Anreisen sind jederzeit m\u00f6glich, nach 18 Uhr bitte telefonisch ank\u00fcndigen.<\/p>\n<p><strong>Kinder<\/strong><\/p>\n<p>F\u00fcr die Kinder haben wir folgende Ausstattung:<br \/>Kinderbett, Kinderstuhl, Rausfallschutz, Kindergeschirr in den Wohnungen, Bergkraxe kann ausgeliehen werden.<\/p>\n<p><strong>\u00d6ffnungszeiten\u00a0<\/strong><\/p>\n<p>Unsere Pension ist ganzj\u00e4hrig ge\u00f6ffnet.<br \/>Beachten Sie bitte, dass es in der Nebensaison kein Fr\u00fchst\u00fcck gibt und die Rezeption nur nach Bedarf besetzt ist.<\/p>\n<p><strong>Zimmerreinigung<\/strong><\/p>\n<p>Am Wochenende kommen wir nicht automatisch in ihr Zimmer. Wenn Sie dies w\u00fcnschen einfach am der Rezeption Bescheid geben.<\/p>\n<p><strong>Ferienwohnungen<\/strong><\/p>\n<p>Unsere Ferienwohnungen haben eine komplett ausgestattete K\u00fcchenzeile mit Kaffeefiltermaschine, Wasserkocher, Toaster und Sp\u00fclmaschine<br \/>[au\u00dfer in den Sch\u00f6nblick Fewo&#8217;s keine Sp\u00fclmaschine]. <br \/>Bettw\u00e4sche, Klopapier, Handt\u00fccher und Geschirrt\u00fccher sind vorhanden.<br \/>In jeder Wohnung befindet sich au\u00dferdem ein Starterpaket mit Sp\u00fclmaschinentabs, M\u00fcllbeutel, Sp\u00fclmittel\u00a0und\u00a0Seife.<\/p>\n<p><strong>Haustiere<\/strong><\/p>\n<p>Haustiere sind nicht erlaubt.<\/p>\n<p><strong>Parkpl\u00e4tze<\/strong><\/p>\n<p>F\u00fcr Sie steht ein Parkplatz in unserem Anwesen zur Verf\u00fcgung.<\/p>\n<p><strong>Fahrr\u00e4der<\/strong><\/p>\n<p>F\u00fcr Ihre mitgebrachten oder ausgeliehenen Fahrr\u00e4der haben wir eine abschlie\u00dfbare Garage.<\/p>\n<p><strong>Waschmaschine und Trockner<\/strong><\/p>\n<p>Waschmaschine und Trockner k\u00f6nnen gegen Geb\u00fchr verwendet werden.<\/p>\n<p><strong>WLAN \/ Internet<\/strong><\/p>\n<p>Kostenloser Internetzugang (WLAN) in allen Zimmern und Wohnungen.<\/p>\n<p>&nbsp;<\/p>\n<p>[\/et_pb_text][\/et_pb_column][\/et_pb_row][\/et_pb_section]<\/p>\n","protected":false},"excerpt":{"rendered":"<p>Fr\u00fchst\u00fccksbuffet Wir bereiten jeden Morgen ein Fr\u00fchst\u00fccksbuffet aus regionalen Produkten und selbst gemachter Marmeladen f\u00fcr Sie vor. Das Fr\u00fchst\u00fccksbuffet ist im Zimmerpreis inbegriffen. Unser Fr\u00fchst\u00fccksbuffet kann in der Vor- und Nachsaison bei \u00a0den Wohnungen dazu gebucht werden. Fr\u00fchst\u00fccksbuffet pro Person 15 Euro. Unser Fr\u00fchst\u00fccksbuffet gibt es vom 25.04.2026 &#8211; 04.10.2026 Die regionale B\u00e4ckerei Stumhofer liegt [&hellip;]<\/p>\n","protected":false},"author":1,"featured_media":0,"parent":0,"menu_order":0,"comment_status":"closed","ping_status":"closed","template":"","meta":{"_et_pb_use_builder":"on","_et_pb_old_content":"","_et_gb_content_width":"","footnotes":""},"yoast_head":"<!-- This site is optimized with the Yoast SEO plugin v24.5 - https:\/\/yoast.com\/wordpress\/plugins\/seo\/ -->\n<title>Service - Wiesholler<\/title>\n<meta name=\"robots\" content=\"index, follow, max-snippet:-1, max-image-preview:large, max-video-preview:-1\" \/>\n<link rel=\"canonical\" href=\"https:\/\/wiesholler-chieming.de\/?page_id=2431\" \/>\n<meta property=\"og:locale\" content=\"de_DE\" \/>\n<meta property=\"og:type\" content=\"article\" \/>\n<meta property=\"og:title\" content=\"Service - Wiesholler\" \/>\n<meta property=\"og:description\" content=\"Fr\u00fchst\u00fccksbuffet Wir bereiten jeden Morgen ein Fr\u00fchst\u00fccksbuffet aus regionalen Produkten und selbst gemachter Marmeladen f\u00fcr Sie vor. Das Fr\u00fchst\u00fccksbuffet ist im Zimmerpreis inbegriffen. Unser Fr\u00fchst\u00fccksbuffet kann in der Vor- und Nachsaison bei \u00a0den Wohnungen dazu gebucht werden. Fr\u00fchst\u00fccksbuffet pro Person 15 Euro. Unser Fr\u00fchst\u00fccksbuffet gibt es vom 25.04.2026 - 04.10.2026 Die regionale B\u00e4ckerei Stumhofer liegt [&hellip;]\" \/>\n<meta property=\"og:url\" content=\"https:\/\/wiesholler-chieming.de\/?page_id=2431\" \/>\n<meta property=\"og:site_name\" content=\"Wiesholler\" \/>\n<meta property=\"article:modified_time\" content=\"2025-11-27T14:29:40+00:00\" \/>\n<meta name=\"twitter:card\" content=\"summary_large_image\" \/>\n<meta name=\"twitter:label1\" content=\"Gesch\u00e4tzte Lesezeit\" \/>\n\t<meta name=\"twitter:data1\" content=\"9\u00a0Minuten\" \/>\n<script type=\"application\/ld+json\" class=\"yoast-schema-graph\">{\"@context\":\"https:\/\/schema.org\",\"@graph\":[{\"@type\":\"WebPage\",\"@id\":\"https:\/\/wiesholler-chieming.de\/?page_id=2431\",\"url\":\"https:\/\/wiesholler-chieming.de\/?page_id=2431\",\"name\":\"Service - Wiesholler\",\"isPartOf\":{\"@id\":\"https:\/\/wiesholler-chieming.de\/#website\"},\"datePublished\":\"2019-06-07T13:01:02+00:00\",\"dateModified\":\"2025-11-27T14:29:40+00:00\",\"breadcrumb\":{\"@id\":\"https:\/\/wiesholler-chieming.de\/?page_id=2431#breadcrumb\"},\"inLanguage\":\"de\",\"potentialAction\":[{\"@type\":\"ReadAction\",\"target\":[\"https:\/\/wiesholler-chieming.de\/?page_id=2431\"]}]},{\"@type\":\"BreadcrumbList\",\"@id\":\"https:\/\/wiesholler-chieming.de\/?page_id=2431#breadcrumb\",\"itemListElement\":[{\"@type\":\"ListItem\",\"position\":1,\"name\":\"Home\",\"item\":\"https:\/\/wiesholler-chieming.de\/\"},{\"@type\":\"ListItem\",\"position\":2,\"name\":\"Service\"}]},{\"@type\":\"WebSite\",\"@id\":\"https:\/\/wiesholler-chieming.de\/#website\",\"url\":\"https:\/\/wiesholler-chieming.de\/\",\"name\":\"Wiesholler\",\"description\":\"Pension\",\"potentialAction\":[{\"@type\":\"SearchAction\",\"target\":{\"@type\":\"EntryPoint\",\"urlTemplate\":\"https:\/\/wiesholler-chieming.de\/?s={search_term_string}\"},\"query-input\":{\"@type\":\"PropertyValueSpecification\",\"valueRequired\":true,\"valueName\":\"search_term_string\"}}],\"inLanguage\":\"de\"}]}<\/script>\n<!-- \/ Yoast SEO plugin. -->","yoast_head_json":{"title":"Service - Wiesholler","robots":{"index":"index","follow":"follow","max-snippet":"max-snippet:-1","max-image-preview":"max-image-preview:large","max-video-preview":"max-video-preview:-1"},"canonical":"https:\/\/wiesholler-chieming.de\/?page_id=2431","og_locale":"de_DE","og_type":"article","og_title":"Service - Wiesholler","og_description":"Fr\u00fchst\u00fccksbuffet Wir bereiten jeden Morgen ein Fr\u00fchst\u00fccksbuffet aus regionalen Produkten und selbst gemachter Marmeladen f\u00fcr Sie vor. Das Fr\u00fchst\u00fccksbuffet ist im Zimmerpreis inbegriffen. Unser Fr\u00fchst\u00fccksbuffet kann in der Vor- und Nachsaison bei \u00a0den Wohnungen dazu gebucht werden. Fr\u00fchst\u00fccksbuffet pro Person 15 Euro. Unser Fr\u00fchst\u00fccksbuffet gibt es vom 25.04.2026 - 04.10.2026 Die regionale B\u00e4ckerei Stumhofer liegt [&hellip;]","og_url":"https:\/\/wiesholler-chieming.de\/?page_id=2431","og_site_name":"Wiesholler","article_modified_time":"2025-11-27T14:29:40+00:00","twitter_card":"summary_large_image","twitter_misc":{"Gesch\u00e4tzte Lesezeit":"9\u00a0Minuten"},"schema":{"@context":"https:\/\/schema.org","@graph":[{"@type":"WebPage","@id":"https:\/\/wiesholler-chieming.de\/?page_id=2431","url":"https:\/\/wiesholler-chieming.de\/?page_id=2431","name":"Service - Wiesholler","isPartOf":{"@id":"https:\/\/wiesholler-chieming.de\/#website"},"datePublished":"2019-06-07T13:01:02+00:00","dateModified":"2025-11-27T14:29:40+00:00","breadcrumb":{"@id":"https:\/\/wiesholler-chieming.de\/?page_id=2431#breadcrumb"},"inLanguage":"de","potentialAction":[{"@type":"ReadAction","target":["https:\/\/wiesholler-chieming.de\/?page_id=2431"]}]},{"@type":"BreadcrumbList","@id":"https:\/\/wiesholler-chieming.de\/?page_id=2431#breadcrumb","itemListElement":[{"@type":"ListItem","position":1,"name":"Home","item":"https:\/\/wiesholler-chieming.de\/"},{"@type":"ListItem","position":2,"name":"Service"}]},{"@type":"WebSite","@id":"https:\/\/wiesholler-chieming.de\/#website","url":"https:\/\/wiesholler-chieming.de\/","name":"Wiesholler","description":"Pension","potentialAction":[{"@type":"SearchAction","target":{"@type":"EntryPoint","urlTemplate":"https:\/\/wiesholler-chieming.de\/?s={search_term_string}"},"query-input":{"@type":"PropertyValueSpecification","valueRequired":true,"valueName":"search_term_string"}}],"inLanguage":"de"}]}},"_links":{"self":[{"href":"https:\/\/wiesholler-chieming.de\/index.php?rest_route=\/wp\/v2\/pages\/2431"}],"collection":[{"href":"https:\/\/wiesholler-chieming.de\/index.php?rest_route=\/wp\/v2\/pages"}],"about":[{"href":"https:\/\/wiesholler-chieming.de\/index.php?rest_route=\/wp\/v2\/types\/page"}],"author":[{"embeddable":true,"href":"https:\/\/wiesholler-chieming.de\/index.php?rest_route=\/wp\/v2\/users\/1"}],"replies":[{"embeddable":true,"href":"https:\/\/wiesholler-chieming.de\/index.php?rest_route=%2Fwp%2Fv2%2Fcomments&post=2431"}],"version-history":[{"count":41,"href":"https:\/\/wiesholler-chieming.de\/index.php?rest_route=\/wp\/v2\/pages\/2431\/revisions"}],"predecessor-version":[{"id":4323,"href":"https:\/\/wiesholler-chieming.de\/index.php?rest_route=\/wp\/v2\/pages\/2431\/revisions\/4323"}],"wp:attachment":[{"href":"https:\/\/wiesholler-chieming.de\/index.php?rest_route=%2Fwp%2Fv2%2Fmedia&parent=2431"}],"curies":[{"name":"wp","href":"https:\/\/api.w.org\/{rel}","templated":true}]}}