{"id":91,"date":"2019-01-09T10:06:34","date_gmt":"2019-01-09T10:06:34","guid":{"rendered":"http:\/\/wiesholler-chieming.de\/?page_id=91"},"modified":"2025-07-19T11:08:10","modified_gmt":"2025-07-19T11:08:10","slug":"wiesholler-agb","status":"publish","type":"page","link":"https:\/\/wiesholler-chieming.de\/?page_id=91","title":{"rendered":"AGBs"},"content":{"rendered":"<p>[et_pb_section fb_built=&#8220;1&#8243; admin_label=&#8220;Contact Section&#8220; _builder_version=&#8220;4.16&#8243; use_background_color_gradient=&#8220;on&#8220; background_color_gradient_stops=&#8220;#fff7f2 0%|#fff3ea 100%&#8220; background_color_gradient_start=&#8220;#fff7f2&#8243; background_color_gradient_end=&#8220;#fff3ea&#8220; custom_padding=&#8220;0px||0||false|false&#8220; global_colors_info=&#8220;{}&#8220;][et_pb_row admin_label=&#8220;Title Area&#8220; _builder_version=&#8220;4.16&#8243; global_colors_info=&#8220;{}&#8220;][et_pb_column type=&#8220;4_4&#8243; _builder_version=&#8220;4.16&#8243; custom_padding=&#8220;|||&#8220; global_colors_info=&#8220;{}&#8220; custom_padding__hover=&#8220;|||&#8220;][et_pb_text admin_label=&#8220;Title&#8220; _builder_version=&#8220;4.25.1&#8243; text_font=&#8220;Yeseva One||||||||&#8220; text_text_color=&#8220;#353535&#8243; text_font_size=&#8220;37px&#8220; header_font=&#8220;||||||||&#8220; header_font_size=&#8220;47px&#8220; header_2_font=&#8220;Alice||||||||&#8220; header_2_text_align=&#8220;center&#8220; header_2_font_size=&#8220;42px&#8220; header_2_line_height=&#8220;1.3em&#8220; text_orientation=&#8220;center&#8220; custom_margin=&#8220;21px||52px|&#8220; animation_style=&#8220;slide&#8220; animation_direction=&#8220;top&#8220; animation_intensity_slide=&#8220;30%&#8220; animation_starting_opacity=&#8220;100%&#8220; inline_fonts=&#8220;Yeseva One&#8220; global_colors_info=&#8220;{}&#8220;]<\/p>\n<h1>AGBs<\/h1>\n<p>[\/et_pb_text][et_pb_divider color=&#8220;#f7d584&#8243; divider_weight=&#8220;4px&#8220; disabled_on=&#8220;on|on|off&#8220; _builder_version=&#8220;4.16&#8243; max_width=&#8220;91px&#8220; module_alignment=&#8220;center&#8220; height=&#8220;10px&#8220; custom_margin=&#8220;-11px||28px|&#8220; animation_style=&#8220;slide&#8220; animation_direction=&#8220;bottom&#8220; saved_tabs=&#8220;all&#8220; locked=&#8220;off&#8220; global_colors_info=&#8220;{}&#8220;][\/et_pb_divider][et_pb_text admin_label=&#8220;Subtitle&#8220; _builder_version=&#8220;4.25.1&#8243; text_font=&#8220;||||||||&#8220; text_text_color=&#8220;#666666&#8243; text_font_size=&#8220;18px&#8220; text_line_height=&#8220;1.8em&#8220; header_2_font=&#8220;|700|||||||&#8220; text_orientation=&#8220;center&#8220; max_width=&#8220;1000px&#8220; module_alignment=&#8220;center&#8220; custom_margin=&#8220;||19px|||&#8220; custom_padding=&#8220;||0px|||&#8220; animation_direction=&#8220;top&#8220; inline_fonts=&#8220;Poppins&#8220; global_colors_info=&#8220;{}&#8220;]<\/p>\n<h2>Reiser\u00fccktritt<\/h2>\n<p>[\/et_pb_text][et_pb_image src=&#8220;https:\/\/wiesholler-chieming.de\/wp-content\/uploads\/2024\/12\/ERV_Logo_DE_RGB.jpg&#8220; title_text=&#8220;Druck&#8220; _builder_version=&#8220;4.25.1&#8243; _module_preset=&#8220;default&#8220; width=&#8220;190px&#8220; module_alignment=&#8220;center&#8220; custom_margin=&#8220;||10px|||&#8220; global_colors_info=&#8220;{}&#8220;][\/et_pb_image][et_pb_text admin_label=&#8220;Subtitle&#8220; _builder_version=&#8220;4.25.1&#8243; text_font=&#8220;||||||||&#8220; text_text_color=&#8220;#666666&#8243; text_font_size=&#8220;18px&#8220; text_line_height=&#8220;1.8em&#8220; header_2_font=&#8220;|700|||||||&#8220; text_orientation=&#8220;center&#8220; max_width=&#8220;1000px&#8220; module_alignment=&#8220;center&#8220; animation_direction=&#8220;top&#8220; inline_fonts=&#8220;Poppins&#8220; global_colors_info=&#8220;{}&#8220;]<\/p>\n<p>Falls etwas Unvorhergesehenes eintritt und du deine Buchung \u00e4ndern oder stornieren musst, gib uns bitte so fr\u00fch wie m\u00f6glich Bescheid \u2013 wir sind bestrebt, flexibel zu bleiben.<\/p>\n<p>Es ist schade, wenn die Ferienwohnung frei bleibt, w\u00e4hrend andere G\u00e4ste gern gekommen w\u00e4ren. Daher gelten bei kurzfristiger Stornierung, versp\u00e4teter Anreise oder vorzeitiger Abreise Ausfallgeb\u00fchren. Um dich f\u00fcr solche F\u00e4lle abzusichern, empfehlen wir den Abschluss einer Reiser\u00fccktrittsversicherung.<\/p>\n<p>[\/et_pb_text][et_pb_button button_url=&#8220;https:\/\/app.ergo-reiseversicherung.de\/ba4\/landingPage.html?appname=ba-tid&#038;partnerid=033123000000&#8243; url_new_window=&#8220;on&#8220; button_text=&#8220;Reiser\u00fccktritts-Versicherung&#8220; button_alignment=&#8220;center&#8220; _builder_version=&#8220;4.25.1&#8243; _module_preset=&#8220;default&#8220; custom_button=&#8220;on&#8220; button_text_color=&#8220;#FFFFFF&#8220; button_bg_color=&#8220;gcid-secondary-color&#8220; button_border_width=&#8220;0px&#8220; button_border_radius=&#8220;10px&#8220; button_icon_color=&#8220;#FFFFFF&#8220; custom_margin=&#8220;||40px|||&#8220; hover_enabled=&#8220;0&#8243; global_colors_info=&#8220;{%22gcid-secondary-color%22:%91%22button_bg_color%22%93}&#8220; sticky_enabled=&#8220;0&#8243;][\/et_pb_button][et_pb_text admin_label=&#8220;Subtitle&#8220; _builder_version=&#8220;4.25.1&#8243; text_font=&#8220;||||||||&#8220; text_text_color=&#8220;#666666&#8243; text_font_size=&#8220;18px&#8220; text_line_height=&#8220;1.8em&#8220; header_2_font=&#8220;|700|||||||&#8220; text_orientation=&#8220;center&#8220; max_width=&#8220;1000px&#8220; module_alignment=&#8220;center&#8220; animation_direction=&#8220;top&#8220; hover_enabled=&#8220;0&#8243; inline_fonts=&#8220;Poppins&#8220; global_colors_info=&#8220;{}&#8220; sticky_enabled=&#8220;0&#8243;]<\/p>\n<h2>Vertragsbedingungen<\/h2>\n<div class=\"stripemax\">\n<div class=\"stripemaxinner left\">\n<div class=\"col-md-6\">\n<p><strong> 1.<\/strong><span>\u00a0<\/span>Der Gastaufnahmevertrag ist abgeschlossen, sobald die Ferienwohnung bestellt und zugesagt oder, falls eine Zusage aus Zeitgr\u00fcnden nicht mehr m\u00f6glich ist, bereitgestellt worden ist.<\/p>\n<p><strong>2.<\/strong><span>\u00a0<\/span>Der Abschluss des Gastaufnahmevertrages verpflichtet die Vertragspartner zur Erf\u00fcllung des Vertrages, gleichg\u00fcltig auf welche Dauer der Vertrag abgeschlossen ist.<\/p>\n<p><strong>3.<\/strong><span>\u00a0<\/span>Der Anbieter von \u201eG\u00e4ste- und Apartmenthaus Wiesholler&#8220; ist verpflichtet, bei Nichtbereitstellung der Ferienwohnung dem Gast Schadenersatz zu leisten.<\/p>\n<\/div>\n<p class=\"space\">\n<\/div>\n<\/div>\n<p>&nbsp;<\/p>\n<div class=\"stripemax\">\n<div class=\"stripemaxinner left\">\n<div class=\"col-md-6\">\n<p><strong>4.<span>\u00a0<\/span><\/strong>Der Gast ist verpflichtet, bei Nichtinanspruchnahme der vertraglichen Leistungen den vereinbarten Preis zu zahlen, abz\u00fcglich der ersparten Aufwendungen. Der uns entstandene und vom Gast zu ersetzende Schaden wird siehe Stornobedingungen berechnet.<\/p>\n<p><span><strong>Stornobedingungen:<\/strong><\/span><\/p>\n<p>bis 45 Tage vor Reisebeginn:<br \/>0 % des Reisepreises<br \/>Ab 45 Tage vor Reisebeginn werden 90% des Reisepreises berechnet.<br \/><span style=\"font-size: 18px;\">Bei Wiederbelegung werden nur 10% Bearbeitungsgeb\u00fchr f\u00e4llig.<\/span><\/p>\n<p><span><\/span><\/p>\n<p><strong>5.a)<\/strong><span>\u00a0<\/span>Der Anbieter von \u201eG\u00e4ste- und Apartmenthaus Wiesholler&#8220; ist nach Treu und Glauben gehalten, bei Absage durch den Gast nicht in Anspruch genommene Ferienwohnungen nach M\u00f6glichkeit anderweitig zu vergeben, um Ausf\u00e4lle zu vermeiden.<\/p>\n<p><strong>5.b)<\/strong><span>\u00a0<\/span>Bis zur anderweitigen Vergabe der Ferienwohnung ist der Gast f\u00fcr die Dauer des Vertrages verpflichtet, den nach Ziffer 4 errechneten Betrag zu bezahlen.<span>\u00a0<\/span><\/p>\n<p>Der Schaden wird dem Gast in Rechnung gestellt und ist innerhalb von 8 Tagen zu begleichen.<span>\u00a0<\/span><a href=\"https:\/\/app.ergo-reiseversicherung.de\/ba4\/landingPage.html?appname=ba-tid&amp;partnerid=033123000000\" target=\"_blank\" rel=\"noopener noreferrer\"><strong>Reiser\u00fccktritts-Versicherung<\/strong><\/a><span>\u00a0<\/span>hier online abschlie\u00dfen.<\/p>\n<\/div>\n<\/div>\n<\/div>\n<p>&nbsp;<\/p>\n<p>[\/et_pb_text][\/et_pb_column][\/et_pb_row][\/et_pb_section]<\/p>\n","protected":false},"excerpt":{"rendered":"<p>AGBsReiser\u00fccktrittFalls etwas Unvorhergesehenes eintritt und du deine Buchung \u00e4ndern oder stornieren musst, gib uns bitte so fr\u00fch wie m\u00f6glich Bescheid \u2013 wir sind bestrebt, flexibel zu bleiben. Es ist schade, wenn die Ferienwohnung frei bleibt, w\u00e4hrend andere G\u00e4ste gern gekommen w\u00e4ren. Daher gelten bei kurzfristiger Stornierung, versp\u00e4teter Anreise oder vorzeitiger Abreise Ausfallgeb\u00fchren. Um dich f\u00fcr [&hellip;]<\/p>\n","protected":false},"author":1,"featured_media":0,"parent":0,"menu_order":0,"comment_status":"closed","ping_status":"closed","template":"","meta":{"_et_pb_use_builder":"on","_et_pb_old_content":"","_et_gb_content_width":"","footnotes":""},"yoast_head":"<!-- This site is optimized with the Yoast SEO plugin v24.5 - https:\/\/yoast.com\/wordpress\/plugins\/seo\/ -->\n<title>AGBs - Wiesholler<\/title>\n<meta name=\"robots\" content=\"index, follow, max-snippet:-1, max-image-preview:large, max-video-preview:-1\" \/>\n<link rel=\"canonical\" href=\"https:\/\/wiesholler-chieming.de\/?page_id=91\" \/>\n<meta property=\"og:locale\" content=\"de_DE\" \/>\n<meta property=\"og:type\" content=\"article\" \/>\n<meta property=\"og:title\" content=\"AGBs - Wiesholler\" \/>\n<meta property=\"og:description\" content=\"AGBsReiser\u00fccktrittFalls etwas Unvorhergesehenes eintritt und du deine Buchung \u00e4ndern oder stornieren musst, gib uns bitte so fr\u00fch wie m\u00f6glich Bescheid \u2013 wir sind bestrebt, flexibel zu bleiben. Es ist schade, wenn die Ferienwohnung frei bleibt, w\u00e4hrend andere G\u00e4ste gern gekommen w\u00e4ren. Daher gelten bei kurzfristiger Stornierung, versp\u00e4teter Anreise oder vorzeitiger Abreise Ausfallgeb\u00fchren. Um dich f\u00fcr [&hellip;]\" \/>\n<meta property=\"og:url\" content=\"https:\/\/wiesholler-chieming.de\/?page_id=91\" \/>\n<meta property=\"og:site_name\" content=\"Wiesholler\" \/>\n<meta property=\"article:modified_time\" content=\"2025-07-19T11:08:10+00:00\" \/>\n<meta name=\"twitter:card\" content=\"summary_large_image\" \/>\n<meta name=\"twitter:label1\" content=\"Gesch\u00e4tzte Lesezeit\" \/>\n\t<meta name=\"twitter:data1\" content=\"4\u00a0Minuten\" \/>\n<script type=\"application\/ld+json\" class=\"yoast-schema-graph\">{\"@context\":\"https:\/\/schema.org\",\"@graph\":[{\"@type\":\"WebPage\",\"@id\":\"https:\/\/wiesholler-chieming.de\/?page_id=91\",\"url\":\"https:\/\/wiesholler-chieming.de\/?page_id=91\",\"name\":\"AGBs - Wiesholler\",\"isPartOf\":{\"@id\":\"https:\/\/wiesholler-chieming.de\/#website\"},\"datePublished\":\"2019-01-09T10:06:34+00:00\",\"dateModified\":\"2025-07-19T11:08:10+00:00\",\"breadcrumb\":{\"@id\":\"https:\/\/wiesholler-chieming.de\/?page_id=91#breadcrumb\"},\"inLanguage\":\"de\",\"potentialAction\":[{\"@type\":\"ReadAction\",\"target\":[\"https:\/\/wiesholler-chieming.de\/?page_id=91\"]}]},{\"@type\":\"BreadcrumbList\",\"@id\":\"https:\/\/wiesholler-chieming.de\/?page_id=91#breadcrumb\",\"itemListElement\":[{\"@type\":\"ListItem\",\"position\":1,\"name\":\"Home\",\"item\":\"https:\/\/wiesholler-chieming.de\/\"},{\"@type\":\"ListItem\",\"position\":2,\"name\":\"AGBs\"}]},{\"@type\":\"WebSite\",\"@id\":\"https:\/\/wiesholler-chieming.de\/#website\",\"url\":\"https:\/\/wiesholler-chieming.de\/\",\"name\":\"Wiesholler\",\"description\":\"Pension\",\"potentialAction\":[{\"@type\":\"SearchAction\",\"target\":{\"@type\":\"EntryPoint\",\"urlTemplate\":\"https:\/\/wiesholler-chieming.de\/?s={search_term_string}\"},\"query-input\":{\"@type\":\"PropertyValueSpecification\",\"valueRequired\":true,\"valueName\":\"search_term_string\"}}],\"inLanguage\":\"de\"}]}<\/script>\n<!-- \/ Yoast SEO plugin. -->","yoast_head_json":{"title":"AGBs - Wiesholler","robots":{"index":"index","follow":"follow","max-snippet":"max-snippet:-1","max-image-preview":"max-image-preview:large","max-video-preview":"max-video-preview:-1"},"canonical":"https:\/\/wiesholler-chieming.de\/?page_id=91","og_locale":"de_DE","og_type":"article","og_title":"AGBs - Wiesholler","og_description":"AGBsReiser\u00fccktrittFalls etwas Unvorhergesehenes eintritt und du deine Buchung \u00e4ndern oder stornieren musst, gib uns bitte so fr\u00fch wie m\u00f6glich Bescheid \u2013 wir sind bestrebt, flexibel zu bleiben. Es ist schade, wenn die Ferienwohnung frei bleibt, w\u00e4hrend andere G\u00e4ste gern gekommen w\u00e4ren. Daher gelten bei kurzfristiger Stornierung, versp\u00e4teter Anreise oder vorzeitiger Abreise Ausfallgeb\u00fchren. Um dich f\u00fcr [&hellip;]","og_url":"https:\/\/wiesholler-chieming.de\/?page_id=91","og_site_name":"Wiesholler","article_modified_time":"2025-07-19T11:08:10+00:00","twitter_card":"summary_large_image","twitter_misc":{"Gesch\u00e4tzte Lesezeit":"4\u00a0Minuten"},"schema":{"@context":"https:\/\/schema.org","@graph":[{"@type":"WebPage","@id":"https:\/\/wiesholler-chieming.de\/?page_id=91","url":"https:\/\/wiesholler-chieming.de\/?page_id=91","name":"AGBs - Wiesholler","isPartOf":{"@id":"https:\/\/wiesholler-chieming.de\/#website"},"datePublished":"2019-01-09T10:06:34+00:00","dateModified":"2025-07-19T11:08:10+00:00","breadcrumb":{"@id":"https:\/\/wiesholler-chieming.de\/?page_id=91#breadcrumb"},"inLanguage":"de","potentialAction":[{"@type":"ReadAction","target":["https:\/\/wiesholler-chieming.de\/?page_id=91"]}]},{"@type":"BreadcrumbList","@id":"https:\/\/wiesholler-chieming.de\/?page_id=91#breadcrumb","itemListElement":[{"@type":"ListItem","position":1,"name":"Home","item":"https:\/\/wiesholler-chieming.de\/"},{"@type":"ListItem","position":2,"name":"AGBs"}]},{"@type":"WebSite","@id":"https:\/\/wiesholler-chieming.de\/#website","url":"https:\/\/wiesholler-chieming.de\/","name":"Wiesholler","description":"Pension","potentialAction":[{"@type":"SearchAction","target":{"@type":"EntryPoint","urlTemplate":"https:\/\/wiesholler-chieming.de\/?s={search_term_string}"},"query-input":{"@type":"PropertyValueSpecification","valueRequired":true,"valueName":"search_term_string"}}],"inLanguage":"de"}]}},"_links":{"self":[{"href":"https:\/\/wiesholler-chieming.de\/index.php?rest_route=\/wp\/v2\/pages\/91"}],"collection":[{"href":"https:\/\/wiesholler-chieming.de\/index.php?rest_route=\/wp\/v2\/pages"}],"about":[{"href":"https:\/\/wiesholler-chieming.de\/index.php?rest_route=\/wp\/v2\/types\/page"}],"author":[{"embeddable":true,"href":"https:\/\/wiesholler-chieming.de\/index.php?rest_route=\/wp\/v2\/users\/1"}],"replies":[{"embeddable":true,"href":"https:\/\/wiesholler-chieming.de\/index.php?rest_route=%2Fwp%2Fv2%2Fcomments&post=91"}],"version-history":[{"count":32,"href":"https:\/\/wiesholler-chieming.de\/index.php?rest_route=\/wp\/v2\/pages\/91\/revisions"}],"predecessor-version":[{"id":4300,"href":"https:\/\/wiesholler-chieming.de\/index.php?rest_route=\/wp\/v2\/pages\/91\/revisions\/4300"}],"wp:attachment":[{"href":"https:\/\/wiesholler-chieming.de\/index.php?rest_route=%2Fwp%2Fv2%2Fmedia&parent=91"}],"curies":[{"name":"wp","href":"https:\/\/api.w.org\/{rel}","templated":true}]}}